{"id":487,"date":"2024-08-28T10:21:54","date_gmt":"2024-08-28T08:21:54","guid":{"rendered":"https:\/\/smarteventbudapest.com\/introduction\/"},"modified":"2026-02-01T22:35:44","modified_gmt":"2026-02-01T21:35:44","slug":"introduction","status":"publish","type":"page","link":"https:\/\/smarteventbudapest.com\/en\/introduction\/","title":{"rendered":"Introduction"},"content":{"rendered":"\n<div class=\"wp-block-group about-introduction\"><div class=\"wp-block-group__inner-container is-layout-constrained wp-block-group-is-layout-constrained\">\n<figure class=\"wp-block-image size-large about-cover\"><img loading=\"lazy\" decoding=\"async\" width=\"1024\" height=\"683\" src=\"https:\/\/smarteventbudapest.com\/wp-content\/uploads\/2024\/10\/rgsmart_sigma_2024-032_web-1536x1024-1-1024x683.jpg\" alt=\"\" class=\"wp-image-56\" srcset=\"https:\/\/smarteventbudapest.com\/wp-content\/uploads\/2024\/10\/rgsmart_sigma_2024-032_web-1536x1024-1-1024x683.jpg 1024w, https:\/\/smarteventbudapest.com\/wp-content\/uploads\/2024\/10\/rgsmart_sigma_2024-032_web-1536x1024-1-300x200.jpg 300w, https:\/\/smarteventbudapest.com\/wp-content\/uploads\/2024\/10\/rgsmart_sigma_2024-032_web-1536x1024-1-768x512.jpg 768w, https:\/\/smarteventbudapest.com\/wp-content\/uploads\/2024\/10\/rgsmart_sigma_2024-032_web-1536x1024-1.jpg 1536w\" sizes=\"auto, (max-width: 1024px) 100vw, 1024px\" \/><\/figure>\n\n\n\n<p>We work with an international team, including English and Russian-speaking colleagues, to meet the needs of our foreign clients, so we gladly undertake international corporate events and destination weddings. We assist in venue selection, concept planning, and creating the right program in harmony with the company\u2019s objectives to ensure guests have the best experience at the event.<\/p>\n<\/div><\/div>\n\n\n\n<blockquote class=\"wp-block-quote is-layout-flow wp-block-quote-is-layout-flow\">\n<p>Venue search. Catering. Decoration. Concept planning. Dessert bar. Audiovisual services. Wine tasting. Transportation and bus rental. Printing materials. Entertainment programs. English and Russian-speaking service team. Personal presence.<\/p>\n<\/blockquote>\n\n\n\n<div class=\"wp-block-group teammate\"><div class=\"wp-block-group__inner-container is-layout-constrained wp-block-group-is-layout-constrained\">\n<figure class=\"wp-block-image size-medium is-resized teammate-image\"><img loading=\"lazy\" decoding=\"async\" width=\"500\" height=\"500\" src=\"https:\/\/smarteventbudapest.com\/wp-content\/uploads\/2026\/02\/racz_andrea-500x500.jpg\" alt=\"\" class=\"wp-image-1570\" style=\"object-fit:cover;width:300px;height:300px\" srcset=\"https:\/\/smarteventbudapest.com\/wp-content\/uploads\/2026\/02\/racz_andrea-500x500.jpg 500w, https:\/\/smarteventbudapest.com\/wp-content\/uploads\/2026\/02\/racz_andrea-300x300.jpg 300w, https:\/\/smarteventbudapest.com\/wp-content\/uploads\/2026\/02\/racz_andrea-768x768.jpg 768w, https:\/\/smarteventbudapest.com\/wp-content\/uploads\/2026\/02\/racz_andrea.jpg 776w\" sizes=\"auto, (max-width: 500px) 100vw, 500px\" \/><\/figure>\n\n\n\n<div class=\"wp-block-group teammate-description\"><div class=\"wp-block-group__inner-container is-layout-constrained wp-block-group-is-layout-constrained\">\n<h3 class=\"wp-block-heading teammate-heading\">R\u00e1cz Andrea<\/h3>\n\n\n\n<p class=\"teammate-text\">Andrea is the team leader of Smart Event, the company&#8217;s founder, and one of its owners. She has several years of experience in organizing events at five-star hotels and international conferences, and she has been involved in planning numerous beautiful weddings and high-quality events. She speaks English and Russian. She is the heart and guiding force of the team, often participating in professional events and networking occasions.    <\/p>\n<\/div><\/div>\n<\/div><\/div>\n\n\n\n<div class=\"wp-block-group teammate\"><div class=\"wp-block-group__inner-container is-layout-constrained wp-block-group-is-layout-constrained\">\n<figure class=\"wp-block-image size-full is-resized teammate-image\"><img loading=\"lazy\" decoding=\"async\" width=\"1920\" height=\"2560\" src=\"https:\/\/smarteventbudapest.com\/wp-content\/uploads\/2024\/11\/Csapat-Orsi-scaled.jpg\" alt=\"\" class=\"wp-image-323\" style=\"object-fit:cover;width:300px;height:300px\" srcset=\"https:\/\/smarteventbudapest.com\/wp-content\/uploads\/2024\/11\/Csapat-Orsi-scaled.jpg 1920w, https:\/\/smarteventbudapest.com\/wp-content\/uploads\/2024\/11\/Csapat-Orsi-375x500.jpg 375w, https:\/\/smarteventbudapest.com\/wp-content\/uploads\/2024\/11\/Csapat-Orsi-768x1024.jpg 768w, https:\/\/smarteventbudapest.com\/wp-content\/uploads\/2024\/11\/Csapat-Orsi-1152x1536.jpg 1152w, https:\/\/smarteventbudapest.com\/wp-content\/uploads\/2024\/11\/Csapat-Orsi-1536x2048.jpg 1536w\" sizes=\"auto, (max-width: 1920px) 100vw, 1920px\" \/><\/figure>\n\n\n\n<div class=\"wp-block-group teammate-description\"><div class=\"wp-block-group__inner-container is-layout-constrained wp-block-group-is-layout-constrained\">\n<h3 class=\"wp-block-heading teammate-heading\">Hajd\u00fa Orsolya<\/h3>\n\n\n\n<p class=\"teammate-text\">Orsolya has been a valuable member of the R&amp;G Smart team for three years. Primarily serving in an assistant role, she also excels in the field and manages independent projects. With her multinational work experience, she has a great understanding of processes and has experience in organizing and executing protocol events. She speaks English and French.<\/p>\n<\/div><\/div>\n<\/div><\/div>\n\n\n\n<div class=\"wp-block-group teammate\"><div class=\"wp-block-group__inner-container is-layout-constrained wp-block-group-is-layout-constrained\">\n<figure class=\"wp-block-image size-medium is-resized teammate-image\"><img loading=\"lazy\" decoding=\"async\" width=\"378\" height=\"500\" src=\"https:\/\/smarteventbudapest.com\/wp-content\/uploads\/2024\/11\/csapat-Andi-378x500.jpg\" alt=\"\" class=\"wp-image-319\" style=\"object-fit:cover;width:300px;height:300px\" srcset=\"https:\/\/smarteventbudapest.com\/wp-content\/uploads\/2024\/11\/csapat-Andi-378x500.jpg 378w, https:\/\/smarteventbudapest.com\/wp-content\/uploads\/2024\/11\/csapat-Andi.jpg 720w\" sizes=\"auto, (max-width: 378px) 100vw, 378px\" \/><\/figure>\n\n\n\n<div class=\"wp-block-group teammate-description\"><div class=\"wp-block-group__inner-container is-layout-constrained wp-block-group-is-layout-constrained\">\n<h3 class=\"wp-block-heading teammate-heading\">Kelemen Andrea<\/h3>\n\n\n\n<p class=\"teammate-text\">Andrea has gained theoretical knowledge and experience in both the tourism and events sectors, as well as in hospitality, through years of working in four-star hotels. She is a back office team member at Smart Event, but we also enjoy having her at our events because she communicates exceptionally well and quickly and effectively resolves any issues that arise. She speaks English.<\/p>\n<\/div><\/div>\n<\/div><\/div>\n\n\n\n<div class=\"wp-block-group teammate\"><div class=\"wp-block-group__inner-container is-layout-constrained wp-block-group-is-layout-constrained\">\n<figure class=\"wp-block-image size-full is-resized teammate-image\"><img loading=\"lazy\" decoding=\"async\" width=\"1768\" height=\"1768\" src=\"https:\/\/smarteventbudapest.com\/wp-content\/uploads\/2024\/11\/Csapat-Eszter-edited.jpg\" alt=\"\" class=\"wp-image-326\" style=\"object-fit:cover;width:300px;height:300px\" srcset=\"https:\/\/smarteventbudapest.com\/wp-content\/uploads\/2024\/11\/Csapat-Eszter-edited.jpg 1768w, https:\/\/smarteventbudapest.com\/wp-content\/uploads\/2024\/11\/Csapat-Eszter-edited-500x500.jpg 500w, https:\/\/smarteventbudapest.com\/wp-content\/uploads\/2024\/11\/Csapat-Eszter-edited-1024x1024.jpg 1024w, https:\/\/smarteventbudapest.com\/wp-content\/uploads\/2024\/11\/Csapat-Eszter-edited-300x300.jpg 300w, https:\/\/smarteventbudapest.com\/wp-content\/uploads\/2024\/11\/Csapat-Eszter-edited-768x768.jpg 768w, https:\/\/smarteventbudapest.com\/wp-content\/uploads\/2024\/11\/Csapat-Eszter-edited-1536x1536.jpg 1536w\" sizes=\"auto, (max-width: 1768px) 100vw, 1768px\" \/><\/figure>\n\n\n\n<div class=\"wp-block-group teammate-description\"><div class=\"wp-block-group__inner-container is-layout-constrained wp-block-group-is-layout-constrained\">\n<h3 class=\"wp-block-heading teammate-heading\">Benya Eszter<\/h3>\n\n\n\n<p class=\"teammate-text\">Eszter is our strategic partner. She has also been actively working in the event industry for more than 10 years. She plays a key role in the team, having organized numerous professionally and privately linked events with Eastern ties, and is very familiar with Eastern cultures. She speaks English.<\/p>\n\n\n\n<p class=\"teammate-text\"><\/p>\n<\/div><\/div>\n<\/div><\/div>\n\n\n\n<div class=\"wp-block-group teammate\"><div class=\"wp-block-group__inner-container is-layout-constrained wp-block-group-is-layout-constrained\">\n<figure class=\"wp-block-image size-medium is-resized teammate-image\"><img loading=\"lazy\" decoding=\"async\" width=\"500\" height=\"500\" src=\"https:\/\/smarteventbudapest.com\/wp-content\/uploads\/2024\/11\/enci-500x500.jpg\" alt=\"\" class=\"wp-image-352\" style=\"object-fit:cover;width:300px;height:300px\" srcset=\"https:\/\/smarteventbudapest.com\/wp-content\/uploads\/2024\/11\/enci-500x500.jpg 500w, https:\/\/smarteventbudapest.com\/wp-content\/uploads\/2024\/11\/enci-1024x1024.jpg 1024w, https:\/\/smarteventbudapest.com\/wp-content\/uploads\/2024\/11\/enci-300x300.jpg 300w, https:\/\/smarteventbudapest.com\/wp-content\/uploads\/2024\/11\/enci-768x768.jpg 768w, https:\/\/smarteventbudapest.com\/wp-content\/uploads\/2024\/11\/enci.jpg 1200w\" sizes=\"auto, (max-width: 500px) 100vw, 500px\" \/><\/figure>\n\n\n\n<div class=\"wp-block-group teammate-description\"><div class=\"wp-block-group__inner-container is-layout-constrained wp-block-group-is-layout-constrained\">\n<h3 class=\"wp-block-heading teammate-heading\">M\u00e1tyus Enik\u0151<\/h3>\n\n\n\n<p class=\"teammate-text\">Enik\u0151 is our colleague and strategic partner. We collaborate with her on larger events that require more attendees. Her calm and friendly personality is complemented by her professionalism. Enik\u0151 trained at major event agencies and contributes her years of experience to the success of our joint events.<\/p>\n<\/div><\/div>\n<\/div><\/div>\n\n\n\n<div class=\"wp-block-buttons is-content-justification-center is-layout-flex wp-container-core-buttons-is-layout-16018d1d wp-block-buttons-is-layout-flex\">\n<div class=\"wp-block-button offer-cta\"><a class=\"wp-block-button__link wp-element-button\" href=\"https:\/\/smarteventbudapest.com\/en\/contact-us\/\">Request a quote!<\/a><\/div>\n<\/div>\n","protected":false},"excerpt":{"rendered":"<p>With our international team and over 15 years of experience, we will make your dream event a reality. We provide comprehensive services to ensure that every detail is perfect. <\/p>\n","protected":false},"author":1,"featured_media":0,"parent":0,"menu_order":0,"comment_status":"closed","ping_status":"closed","template":"page-about.php","meta":{"footnotes":""},"categories":[],"class_list":["post-487","page","type-page","status-publish","hentry"],"yoast_head":"<!-- This site is optimized with the Yoast SEO plugin v27.1.1 - https:\/\/yoast.com\/product\/yoast-seo-wordpress\/ -->\n<title>Smart Event Budapest - Event Planning for International Clients<\/title>\n<meta name=\"description\" content=\"Smart Event Budapest: personalized event planning, international team, and flawless execution for corporate events and destination weddings.\" \/>\n<meta name=\"robots\" content=\"index, follow, max-snippet:-1, max-image-preview:large, max-video-preview:-1\" \/>\n<link rel=\"canonical\" href=\"https:\/\/smarteventbudapest.com\/en\/introduction\/\" \/>\n<meta property=\"og:locale\" content=\"en_US\" \/>\n<meta property=\"og:type\" content=\"article\" \/>\n<meta property=\"og:title\" content=\"Smart Event Budapest - Event Planning for International Clients\" \/>\n<meta property=\"og:description\" content=\"Smart Event Budapest: personalized event planning, international team, and flawless execution for corporate events and destination weddings.\" \/>\n<meta property=\"og:url\" content=\"https:\/\/smarteventbudapest.com\/en\/introduction\/\" \/>\n<meta property=\"og:site_name\" content=\"SmartEvent Budapest\" \/>\n<meta property=\"article:publisher\" content=\"https:\/\/www.facebook.com\/profile.php?id=61563792431320\" \/>\n<meta property=\"article:modified_time\" content=\"2026-02-01T21:35:44+00:00\" \/>\n<meta property=\"og:image\" content=\"https:\/\/smarteventbudapest.com\/wp-content\/uploads\/2024\/10\/rgsmart_sigma_2024-032_web-1536x1024-1.jpg\" \/>\n\t<meta property=\"og:image:width\" content=\"1536\" \/>\n\t<meta property=\"og:image:height\" content=\"1024\" \/>\n\t<meta property=\"og:image:type\" content=\"image\/jpeg\" \/>\n<meta name=\"twitter:card\" content=\"summary_large_image\" \/>\n<meta name=\"twitter:label1\" content=\"Est. reading time\" \/>\n\t<meta name=\"twitter:data1\" content=\"4 minutes\" \/>\n<script type=\"application\/ld+json\" class=\"yoast-schema-graph\">{\"@context\":\"https:\/\/schema.org\",\"@graph\":[{\"@type\":\"WebPage\",\"@id\":\"https:\/\/smarteventbudapest.com\/en\/introduction\/\",\"url\":\"https:\/\/smarteventbudapest.com\/en\/introduction\/\",\"name\":\"Smart Event Budapest - Event Planning for International Clients\",\"isPartOf\":{\"@id\":\"https:\/\/smarteventbudapest.com\/en\/#website\"},\"primaryImageOfPage\":{\"@id\":\"https:\/\/smarteventbudapest.com\/en\/introduction\/#primaryimage\"},\"image\":{\"@id\":\"https:\/\/smarteventbudapest.com\/en\/introduction\/#primaryimage\"},\"thumbnailUrl\":\"https:\/\/smarteventbudapest.com\/wp-content\/uploads\/2024\/10\/rgsmart_sigma_2024-032_web-1536x1024-1-1024x683.jpg\",\"datePublished\":\"2024-08-28T08:21:54+00:00\",\"dateModified\":\"2026-02-01T21:35:44+00:00\",\"description\":\"Smart Event Budapest: personalized event planning, international team, and flawless execution for corporate events and destination weddings.\",\"breadcrumb\":{\"@id\":\"https:\/\/smarteventbudapest.com\/en\/introduction\/#breadcrumb\"},\"inLanguage\":\"en-US\",\"potentialAction\":[{\"@type\":\"ReadAction\",\"target\":[\"https:\/\/smarteventbudapest.com\/en\/introduction\/\"]}]},{\"@type\":\"ImageObject\",\"inLanguage\":\"en-US\",\"@id\":\"https:\/\/smarteventbudapest.com\/en\/introduction\/#primaryimage\",\"url\":\"https:\/\/smarteventbudapest.com\/wp-content\/uploads\/2024\/10\/rgsmart_sigma_2024-032_web-1536x1024-1-1024x683.jpg\",\"contentUrl\":\"https:\/\/smarteventbudapest.com\/wp-content\/uploads\/2024\/10\/rgsmart_sigma_2024-032_web-1536x1024-1-1024x683.jpg\"},{\"@type\":\"BreadcrumbList\",\"@id\":\"https:\/\/smarteventbudapest.com\/en\/introduction\/#breadcrumb\",\"itemListElement\":[{\"@type\":\"ListItem\",\"position\":1,\"name\":\"Kezd\u0151lap\",\"item\":\"https:\/\/smarteventbudapest.com\/en\/\"},{\"@type\":\"ListItem\",\"position\":2,\"name\":\"Introduction\"}]},{\"@type\":\"WebSite\",\"@id\":\"https:\/\/smarteventbudapest.com\/en\/#website\",\"url\":\"https:\/\/smarteventbudapest.com\/en\/\",\"name\":\"SmartEvent Budapest\",\"description\":\"Teljesk\u00f6r\u0171 rendezv\u00e9nyszervez\u00e9s c\u00e9gek \u00e9s mag\u00e1nszem\u00e9lyek r\u00e9sz\u00e9re\",\"publisher\":{\"@id\":\"https:\/\/smarteventbudapest.com\/en\/#organization\"},\"alternateName\":\"SmartEvent\",\"potentialAction\":[{\"@type\":\"SearchAction\",\"target\":{\"@type\":\"EntryPoint\",\"urlTemplate\":\"https:\/\/smarteventbudapest.com\/en\/?s={search_term_string}\"},\"query-input\":{\"@type\":\"PropertyValueSpecification\",\"valueRequired\":true,\"valueName\":\"search_term_string\"}}],\"inLanguage\":\"en-US\"},{\"@type\":\"Organization\",\"@id\":\"https:\/\/smarteventbudapest.com\/en\/#organization\",\"name\":\"SmartEvent Budapest\",\"url\":\"https:\/\/smarteventbudapest.com\/en\/\",\"logo\":{\"@type\":\"ImageObject\",\"inLanguage\":\"en-US\",\"@id\":\"https:\/\/smarteventbudapest.com\/en\/#\/schema\/logo\/image\/\",\"url\":\"https:\/\/smarteventbudapest.com\/wp-content\/uploads\/2024\/10\/cropped-favicon.png\",\"contentUrl\":\"https:\/\/smarteventbudapest.com\/wp-content\/uploads\/2024\/10\/cropped-favicon.png\",\"width\":512,\"height\":512,\"caption\":\"SmartEvent Budapest\"},\"image\":{\"@id\":\"https:\/\/smarteventbudapest.com\/en\/#\/schema\/logo\/image\/\"},\"sameAs\":[\"https:\/\/www.facebook.com\/profile.php?id=61563792431320\",\"https:\/\/www.instagram.com\/smartevent.budapest\",\"https:\/\/www.linkedin.com\/in\/andrea-rcz-4a3b39162\/\"]}]}<\/script>\n<!-- \/ Yoast SEO plugin. -->","yoast_head_json":{"title":"Smart Event Budapest - Event Planning for International Clients","description":"Smart Event Budapest: personalized event planning, international team, and flawless execution for corporate events and destination weddings.","robots":{"index":"index","follow":"follow","max-snippet":"max-snippet:-1","max-image-preview":"max-image-preview:large","max-video-preview":"max-video-preview:-1"},"canonical":"https:\/\/smarteventbudapest.com\/en\/introduction\/","og_locale":"en_US","og_type":"article","og_title":"Smart Event Budapest - Event Planning for International Clients","og_description":"Smart Event Budapest: personalized event planning, international team, and flawless execution for corporate events and destination weddings.","og_url":"https:\/\/smarteventbudapest.com\/en\/introduction\/","og_site_name":"SmartEvent Budapest","article_publisher":"https:\/\/www.facebook.com\/profile.php?id=61563792431320","article_modified_time":"2026-02-01T21:35:44+00:00","og_image":[{"width":1536,"height":1024,"url":"https:\/\/smarteventbudapest.com\/wp-content\/uploads\/2024\/10\/rgsmart_sigma_2024-032_web-1536x1024-1.jpg","type":"image\/jpeg"}],"twitter_card":"summary_large_image","twitter_misc":{"Est. reading time":"4 minutes"},"schema":{"@context":"https:\/\/schema.org","@graph":[{"@type":"WebPage","@id":"https:\/\/smarteventbudapest.com\/en\/introduction\/","url":"https:\/\/smarteventbudapest.com\/en\/introduction\/","name":"Smart Event Budapest - Event Planning for International Clients","isPartOf":{"@id":"https:\/\/smarteventbudapest.com\/en\/#website"},"primaryImageOfPage":{"@id":"https:\/\/smarteventbudapest.com\/en\/introduction\/#primaryimage"},"image":{"@id":"https:\/\/smarteventbudapest.com\/en\/introduction\/#primaryimage"},"thumbnailUrl":"https:\/\/smarteventbudapest.com\/wp-content\/uploads\/2024\/10\/rgsmart_sigma_2024-032_web-1536x1024-1-1024x683.jpg","datePublished":"2024-08-28T08:21:54+00:00","dateModified":"2026-02-01T21:35:44+00:00","description":"Smart Event Budapest: personalized event planning, international team, and flawless execution for corporate events and destination weddings.","breadcrumb":{"@id":"https:\/\/smarteventbudapest.com\/en\/introduction\/#breadcrumb"},"inLanguage":"en-US","potentialAction":[{"@type":"ReadAction","target":["https:\/\/smarteventbudapest.com\/en\/introduction\/"]}]},{"@type":"ImageObject","inLanguage":"en-US","@id":"https:\/\/smarteventbudapest.com\/en\/introduction\/#primaryimage","url":"https:\/\/smarteventbudapest.com\/wp-content\/uploads\/2024\/10\/rgsmart_sigma_2024-032_web-1536x1024-1-1024x683.jpg","contentUrl":"https:\/\/smarteventbudapest.com\/wp-content\/uploads\/2024\/10\/rgsmart_sigma_2024-032_web-1536x1024-1-1024x683.jpg"},{"@type":"BreadcrumbList","@id":"https:\/\/smarteventbudapest.com\/en\/introduction\/#breadcrumb","itemListElement":[{"@type":"ListItem","position":1,"name":"Kezd\u0151lap","item":"https:\/\/smarteventbudapest.com\/en\/"},{"@type":"ListItem","position":2,"name":"Introduction"}]},{"@type":"WebSite","@id":"https:\/\/smarteventbudapest.com\/en\/#website","url":"https:\/\/smarteventbudapest.com\/en\/","name":"SmartEvent Budapest","description":"Teljesk\u00f6r\u0171 rendezv\u00e9nyszervez\u00e9s c\u00e9gek \u00e9s mag\u00e1nszem\u00e9lyek r\u00e9sz\u00e9re","publisher":{"@id":"https:\/\/smarteventbudapest.com\/en\/#organization"},"alternateName":"SmartEvent","potentialAction":[{"@type":"SearchAction","target":{"@type":"EntryPoint","urlTemplate":"https:\/\/smarteventbudapest.com\/en\/?s={search_term_string}"},"query-input":{"@type":"PropertyValueSpecification","valueRequired":true,"valueName":"search_term_string"}}],"inLanguage":"en-US"},{"@type":"Organization","@id":"https:\/\/smarteventbudapest.com\/en\/#organization","name":"SmartEvent Budapest","url":"https:\/\/smarteventbudapest.com\/en\/","logo":{"@type":"ImageObject","inLanguage":"en-US","@id":"https:\/\/smarteventbudapest.com\/en\/#\/schema\/logo\/image\/","url":"https:\/\/smarteventbudapest.com\/wp-content\/uploads\/2024\/10\/cropped-favicon.png","contentUrl":"https:\/\/smarteventbudapest.com\/wp-content\/uploads\/2024\/10\/cropped-favicon.png","width":512,"height":512,"caption":"SmartEvent Budapest"},"image":{"@id":"https:\/\/smarteventbudapest.com\/en\/#\/schema\/logo\/image\/"},"sameAs":["https:\/\/www.facebook.com\/profile.php?id=61563792431320","https:\/\/www.instagram.com\/smartevent.budapest","https:\/\/www.linkedin.com\/in\/andrea-rcz-4a3b39162\/"]}]}},"_links":{"self":[{"href":"https:\/\/smarteventbudapest.com\/en\/wp-json\/wp\/v2\/pages\/487","targetHints":{"allow":["GET"]}}],"collection":[{"href":"https:\/\/smarteventbudapest.com\/en\/wp-json\/wp\/v2\/pages"}],"about":[{"href":"https:\/\/smarteventbudapest.com\/en\/wp-json\/wp\/v2\/types\/page"}],"author":[{"embeddable":true,"href":"https:\/\/smarteventbudapest.com\/en\/wp-json\/wp\/v2\/users\/1"}],"replies":[{"embeddable":true,"href":"https:\/\/smarteventbudapest.com\/en\/wp-json\/wp\/v2\/comments?post=487"}],"version-history":[{"count":5,"href":"https:\/\/smarteventbudapest.com\/en\/wp-json\/wp\/v2\/pages\/487\/revisions"}],"predecessor-version":[{"id":1572,"href":"https:\/\/smarteventbudapest.com\/en\/wp-json\/wp\/v2\/pages\/487\/revisions\/1572"}],"wp:attachment":[{"href":"https:\/\/smarteventbudapest.com\/en\/wp-json\/wp\/v2\/media?parent=487"}],"wp:term":[{"taxonomy":"category","embeddable":true,"href":"https:\/\/smarteventbudapest.com\/en\/wp-json\/wp\/v2\/categories?post=487"}],"curies":[{"name":"wp","href":"https:\/\/api.w.org\/{rel}","templated":true}]}}