{"id":483,"date":"2024-08-28T10:21:17","date_gmt":"2024-08-28T08:21:17","guid":{"rendered":"https:\/\/smarteventbudapest.com\/events\/"},"modified":"2024-12-18T11:21:26","modified_gmt":"2024-12-18T10:21:26","slug":"events","status":"publish","type":"page","link":"https:\/\/smarteventbudapest.com\/en\/events\/","title":{"rendered":"Events"},"content":{"rendered":"\n<div class=\"wp-block-group service-block\"><div class=\"wp-block-group__inner-container is-layout-constrained wp-block-group-is-layout-constrained\">\n<figure class=\"wp-block-image size-full service-cover\"><img loading=\"lazy\" decoding=\"async\" width=\"1000\" height=\"553\" src=\"https:\/\/smarteventbudapest.com\/wp-content\/uploads\/2024\/12\/konferenciak.webp\" alt=\"\" class=\"wp-image-953\" style=\"aspect-ratio:4\/3;object-fit:cover\" srcset=\"https:\/\/smarteventbudapest.com\/wp-content\/uploads\/2024\/12\/konferenciak.webp 1000w, https:\/\/smarteventbudapest.com\/wp-content\/uploads\/2024\/12\/konferenciak-500x277.webp 500w, https:\/\/smarteventbudapest.com\/wp-content\/uploads\/2024\/12\/konferenciak-768x425.webp 768w\" sizes=\"auto, (max-width: 1000px) 100vw, 1000px\" \/><\/figure>\n\n\n\n<div class=\"wp-block-group service-description\"><div class=\"wp-block-group__inner-container is-layout-constrained wp-block-group-is-layout-constrained\">\n<h2 class=\"wp-block-heading service-heading\">Conferences, meetings<\/h2>\n\n\n\n<p class=\"service-text\">From association or thematic conferences to board meetings with a few dozen participants to events with hundreds of attendees. We provide full organization and execution but we can agree on taking care of only specific tasks. <\/p>\n\n\n\n<p class=\"service-text\"><a href=\"https:\/\/smarteventbudapest.com\/en\/references\/\" data-type=\"page\" data-id=\"11\">References<\/a><\/p>\n<\/div><\/div>\n<\/div><\/div>\n\n\n\n<div class=\"wp-block-group service-block order-right\"><div class=\"wp-block-group__inner-container is-layout-constrained wp-block-group-is-layout-constrained\">\n<figure class=\"wp-block-image size-full service-cover\"><img loading=\"lazy\" decoding=\"async\" width=\"1000\" height=\"751\" src=\"https:\/\/smarteventbudapest.com\/wp-content\/uploads\/2024\/11\/termekbemutatok.webp\" alt=\"\" class=\"wp-image-362\" style=\"aspect-ratio:4\/3;object-fit:cover\" srcset=\"https:\/\/smarteventbudapest.com\/wp-content\/uploads\/2024\/11\/termekbemutatok.webp 1000w, https:\/\/smarteventbudapest.com\/wp-content\/uploads\/2024\/11\/termekbemutatok-500x376.webp 500w, https:\/\/smarteventbudapest.com\/wp-content\/uploads\/2024\/11\/termekbemutatok-768x577.webp 768w\" sizes=\"auto, (max-width: 1000px) 100vw, 1000px\" \/><\/figure>\n\n\n\n<div class=\"wp-block-group service-description\"><div class=\"wp-block-group__inner-container is-layout-constrained wp-block-group-is-layout-constrained\">\n<h2 class=\"wp-block-heading service-heading\">Product launches<\/h2>\n\n\n\n<p class=\"service-text \">Let\u2019s create the ideal setting together for presenting your product or new service to your audience or business partners. Tell us about the company, the product, and how many guests you&#8217;d like to invite, and we\u2019ll help you choose the ideal venue and program, including some networking opportunities if you wish. <\/p>\n\n\n\n<p class=\"service-text\"><a href=\"https:\/\/smarteventbudapest.com\/en\/references\/\" data-type=\"page\" data-id=\"11\">References<\/a><\/p>\n<\/div><\/div>\n<\/div><\/div>\n\n\n\n<div class=\"wp-block-group service-block\"><div class=\"wp-block-group__inner-container is-layout-constrained wp-block-group-is-layout-constrained\">\n<figure class=\"wp-block-image size-full service-cover\"><img loading=\"lazy\" decoding=\"async\" width=\"1000\" height=\"667\" src=\"https:\/\/smarteventbudapest.com\/wp-content\/uploads\/2024\/11\/galavacsorak.webp\" alt=\"\" class=\"wp-image-363\" style=\"aspect-ratio:4\/3;object-fit:cover\" srcset=\"https:\/\/smarteventbudapest.com\/wp-content\/uploads\/2024\/11\/galavacsorak.webp 1000w, https:\/\/smarteventbudapest.com\/wp-content\/uploads\/2024\/11\/galavacsorak-500x334.webp 500w, https:\/\/smarteventbudapest.com\/wp-content\/uploads\/2024\/11\/galavacsorak-768x512.webp 768w\" sizes=\"auto, (max-width: 1000px) 100vw, 1000px\" \/><\/figure>\n\n\n\n<div class=\"wp-block-group service-description\"><div class=\"wp-block-group__inner-container is-layout-constrained wp-block-group-is-layout-constrained\">\n<h2 class=\"wp-block-heading service-heading\">Gala Dinners, Award Ceremonies<\/h2>\n\n\n\n<p class=\"service-text\">Let\u2019s talk about the planned programs and what you\u2019d like to celebrate. A spectacular and elegant gala dinner with rich decorations and performers or a cool minimal concept? We\u2019ll take care of the decoration, the program, and the execution too.  <\/p>\n\n\n\n<p class=\"service-text\"><a href=\"https:\/\/smarteventbudapest.com\/en\/references\/\" data-type=\"page\" data-id=\"11\">References<\/a><\/p>\n<\/div><\/div>\n<\/div><\/div>\n\n\n\n<div class=\"wp-block-group service-block order-right\"><div class=\"wp-block-group__inner-container is-layout-constrained wp-block-group-is-layout-constrained\">\n<figure class=\"wp-block-image size-full service-cover\"><img loading=\"lazy\" decoding=\"async\" width=\"1000\" height=\"750\" src=\"https:\/\/smarteventbudapest.com\/wp-content\/uploads\/2024\/11\/gyaruzemi.webp\" alt=\"\" class=\"wp-image-364\" style=\"aspect-ratio:4\/3;object-fit:cover\" srcset=\"https:\/\/smarteventbudapest.com\/wp-content\/uploads\/2024\/11\/gyaruzemi.webp 1000w, https:\/\/smarteventbudapest.com\/wp-content\/uploads\/2024\/11\/gyaruzemi-500x375.webp 500w, https:\/\/smarteventbudapest.com\/wp-content\/uploads\/2024\/11\/gyaruzemi-768x576.webp 768w\" sizes=\"auto, (max-width: 1000px) 100vw, 1000px\" \/><\/figure>\n\n\n\n<div class=\"wp-block-group service-description\"><div class=\"wp-block-group__inner-container is-layout-constrained wp-block-group-is-layout-constrained\">\n<h2 class=\"wp-block-heading service-heading\">Plant Events<\/h2>\n\n\n\n<p class=\"service-text\">We bring the event to the factory and incorporate the setting. We take the venue\u2019s characteristics into account and transform the space so your colleagues or invited guests can enjoy a Christmas event or a presentation on-site. <\/p>\n\n\n\n<p class=\"service-text\"><a href=\"https:\/\/smarteventbudapest.com\/en\/references\/\" data-type=\"page\" data-id=\"11\">References<\/a><\/p>\n<\/div><\/div>\n<\/div><\/div>\n\n\n\n<div class=\"wp-block-group service-block\"><div class=\"wp-block-group__inner-container is-layout-constrained wp-block-group-is-layout-constrained\">\n<figure class=\"wp-block-image size-full service-cover\"><img loading=\"lazy\" decoding=\"async\" width=\"1000\" height=\"667\" src=\"https:\/\/smarteventbudapest.com\/wp-content\/uploads\/2024\/11\/ceges.webp\" alt=\"\" class=\"wp-image-366\" style=\"aspect-ratio:4\/3;object-fit:cover\" srcset=\"https:\/\/smarteventbudapest.com\/wp-content\/uploads\/2024\/11\/ceges.webp 1000w, https:\/\/smarteventbudapest.com\/wp-content\/uploads\/2024\/11\/ceges-500x334.webp 500w, https:\/\/smarteventbudapest.com\/wp-content\/uploads\/2024\/11\/ceges-768x512.webp 768w\" sizes=\"auto, (max-width: 1000px) 100vw, 1000px\" \/><\/figure>\n\n\n\n<div class=\"wp-block-group service-description\"><div class=\"wp-block-group__inner-container is-layout-constrained wp-block-group-is-layout-constrained\">\n<h2 class=\"wp-block-heading service-heading\">Corporate events<\/h2>\n\n\n\n<p class=\"service-text\">We&#8217;ve organized leadership meetings, committee sessions with supplementary programs, fashion shows, and corporate birthdays. Internal events or public occasions? Tell us the purpose of the event, whom you would like to invite, and let\u2019s brainstorm together.  <\/p>\n\n\n\n<p class=\"service-text\"><a href=\"https:\/\/smarteventbudapest.com\/en\/references\/\" data-type=\"page\" data-id=\"11\">References<\/a><\/p>\n<\/div><\/div>\n<\/div><\/div>\n\n\n\n<div class=\"wp-block-group service-block order-right\"><div class=\"wp-block-group__inner-container is-layout-constrained wp-block-group-is-layout-constrained\">\n<figure class=\"wp-block-image size-full service-cover\"><img loading=\"lazy\" decoding=\"async\" width=\"1000\" height=\"750\" src=\"https:\/\/smarteventbudapest.com\/wp-content\/uploads\/2024\/11\/incentive.webp\" alt=\"\" class=\"wp-image-367\" style=\"aspect-ratio:4\/3;object-fit:cover\" srcset=\"https:\/\/smarteventbudapest.com\/wp-content\/uploads\/2024\/11\/incentive.webp 1000w, https:\/\/smarteventbudapest.com\/wp-content\/uploads\/2024\/11\/incentive-500x375.webp 500w, https:\/\/smarteventbudapest.com\/wp-content\/uploads\/2024\/11\/incentive-768x576.webp 768w\" sizes=\"auto, (max-width: 1000px) 100vw, 1000px\" \/><\/figure>\n\n\n\n<div class=\"wp-block-group service-description\"><div class=\"wp-block-group__inner-container is-layout-constrained wp-block-group-is-layout-constrained\">\n<h2 class=\"wp-block-heading service-heading\">Incentive programs<\/h2>\n\n\n\n<p class=\"service-text\">Reward your colleagues with an experience and leave the program organization to us! With our extensive travel agency and inbound tourism experience, we offer the best, most exciting, creative, and interactive programs in Hungary tailored to our clients\u2019 needs. <\/p>\n\n\n\n<p class=\"service-text\"><a href=\"https:\/\/smarteventbudapest.com\/en\/references\/\" data-type=\"page\" data-id=\"11\">References<\/a><\/p>\n<\/div><\/div>\n<\/div><\/div>\n\n\n\n<div class=\"wp-block-group service-block\"><div class=\"wp-block-group__inner-container is-layout-constrained wp-block-group-is-layout-constrained\">\n<figure class=\"wp-block-image size-full service-cover\"><img loading=\"lazy\" decoding=\"async\" width=\"1000\" height=\"667\" src=\"https:\/\/smarteventbudapest.com\/wp-content\/uploads\/2024\/11\/divat.webp\" alt=\"\" class=\"wp-image-368\" style=\"aspect-ratio:4\/3;object-fit:cover\" srcset=\"https:\/\/smarteventbudapest.com\/wp-content\/uploads\/2024\/11\/divat.webp 1000w, https:\/\/smarteventbudapest.com\/wp-content\/uploads\/2024\/11\/divat-500x334.webp 500w, https:\/\/smarteventbudapest.com\/wp-content\/uploads\/2024\/11\/divat-768x512.webp 768w\" sizes=\"auto, (max-width: 1000px) 100vw, 1000px\" \/><\/figure>\n\n\n\n<div class=\"wp-block-group service-description\"><div class=\"wp-block-group__inner-container is-layout-constrained wp-block-group-is-layout-constrained\">\n<h2 class=\"wp-block-heading service-heading\">Fashion-Themed Events<\/h2>\n\n\n\n<p class=\"service-text\">Fashion show or fashion show with cultural programs? Would you like to present your new collection? Would you like to know how to organize a fashion show that mobilizes a new target audience? We help with our ideas and offer an execute-ready plan.   <\/p>\n\n\n\n<p class=\"service-text\"><a href=\"https:\/\/smarteventbudapest.com\/en\/references\/\" data-type=\"page\" data-id=\"11\">References<\/a><\/p>\n<\/div><\/div>\n<\/div><\/div>\n\n\n\n<div class=\"wp-block-group service-block order-right\"><div class=\"wp-block-group__inner-container is-layout-constrained wp-block-group-is-layout-constrained\">\n<figure class=\"wp-block-image size-full service-cover\"><img loading=\"lazy\" decoding=\"async\" width=\"1000\" height=\"667\" src=\"https:\/\/smarteventbudapest.com\/wp-content\/uploads\/2024\/11\/eskuvok.webp\" alt=\"\" class=\"wp-image-369\" style=\"aspect-ratio:4\/3;object-fit:cover\" srcset=\"https:\/\/smarteventbudapest.com\/wp-content\/uploads\/2024\/11\/eskuvok.webp 1000w, https:\/\/smarteventbudapest.com\/wp-content\/uploads\/2024\/11\/eskuvok-500x334.webp 500w, https:\/\/smarteventbudapest.com\/wp-content\/uploads\/2024\/11\/eskuvok-768x512.webp 768w\" sizes=\"auto, (max-width: 1000px) 100vw, 1000px\" \/><\/figure>\n\n\n\n<div class=\"wp-block-group service-description\"><div class=\"wp-block-group__inner-container is-layout-constrained wp-block-group-is-layout-constrained\">\n<h2 class=\"wp-block-heading service-heading\">Weddings and Family Events<\/h2>\n\n\n\n<p class=\"service-text\">Jubilee or birthday. We also provide full planning for international weddings. Let us be your local partner in Budapest.  <\/p>\n\n\n\n<p class=\"service-text\"><a href=\"https:\/\/smarteventbudapest.com\/en\/references\/\" data-type=\"page\" data-id=\"11\">References<\/a><\/p>\n<\/div><\/div>\n<\/div><\/div>\n\n\n\n<div class=\"wp-block-group service-block\"><div class=\"wp-block-group__inner-container is-layout-constrained wp-block-group-is-layout-constrained\">\n<figure class=\"wp-block-image size-full service-cover\"><img loading=\"lazy\" decoding=\"async\" width=\"1000\" height=\"667\" src=\"https:\/\/smarteventbudapest.com\/wp-content\/uploads\/2024\/11\/egyedi.webp\" alt=\"\" class=\"wp-image-370\" style=\"aspect-ratio:4\/3;object-fit:cover\" srcset=\"https:\/\/smarteventbudapest.com\/wp-content\/uploads\/2024\/11\/egyedi.webp 1000w, https:\/\/smarteventbudapest.com\/wp-content\/uploads\/2024\/11\/egyedi-500x334.webp 500w, https:\/\/smarteventbudapest.com\/wp-content\/uploads\/2024\/11\/egyedi-768x512.webp 768w\" sizes=\"auto, (max-width: 1000px) 100vw, 1000px\" \/><\/figure>\n\n\n\n<div class=\"wp-block-group service-description\"><div class=\"wp-block-group__inner-container is-layout-constrained wp-block-group-is-layout-constrained\">\n<h2 class=\"wp-block-heading service-heading\">Your Event<\/h2>\n\n\n\n<p class=\"service-text\">&#8230;which is unique, special, and maybe something we\u2019ve never organized before, but we\u2019d love to! Contact us and let\u2019s talk about your ideas and plans and bring them to life together. <\/p>\n\n\n\n<p class=\"service-text\"><a href=\"https:\/\/smarteventbudapest.com\/en\/contact-us\/\" data-type=\"page\" data-id=\"23\">Request a quote!<\/a><\/p>\n<\/div><\/div>\n<\/div><\/div>\n","protected":false},"excerpt":{"rendered":"<p>Whether it\u2019s a conference, gala dinner, wedding, or family gathering \u2013 we organize every event as if it were our own. Take a look at the types of events we specialize in! <\/p>\n","protected":false},"author":1,"featured_media":0,"parent":0,"menu_order":0,"comment_status":"closed","ping_status":"closed","template":"","meta":{"footnotes":""},"categories":[],"class_list":["post-483","page","type-page","status-publish","hentry"],"yoast_head":"<!-- This site is optimized with the Yoast SEO plugin v27.1.1 - https:\/\/yoast.com\/product\/yoast-seo-wordpress\/ -->\n<title>Smart Event Budapest |Tailored Event Solutions for Every Occasion<\/title>\n<meta name=\"description\" content=\"Conferences, gala dinners, product launches, and unique events \u2014 expertly tailored to your needs.\" \/>\n<meta name=\"robots\" content=\"index, follow, max-snippet:-1, max-image-preview:large, max-video-preview:-1\" \/>\n<link rel=\"canonical\" href=\"https:\/\/smarteventbudapest.com\/en\/events\/\" \/>\n<meta property=\"og:locale\" content=\"en_US\" \/>\n<meta property=\"og:type\" content=\"article\" \/>\n<meta property=\"og:title\" content=\"Smart Event Budapest |Tailored Event Solutions for Every Occasion\" \/>\n<meta property=\"og:description\" content=\"Conferences, gala dinners, product launches, and unique events \u2014 expertly tailored to your needs.\" \/>\n<meta property=\"og:url\" content=\"https:\/\/smarteventbudapest.com\/en\/events\/\" \/>\n<meta property=\"og:site_name\" content=\"SmartEvent Budapest\" \/>\n<meta property=\"article:publisher\" content=\"https:\/\/www.facebook.com\/profile.php?id=61563792431320\" \/>\n<meta property=\"article:modified_time\" content=\"2024-12-18T10:21:26+00:00\" \/>\n<meta property=\"og:image\" content=\"https:\/\/smarteventbudapest.com\/wp-content\/uploads\/2024\/12\/konferenciak.webp\" \/>\n\t<meta property=\"og:image:width\" content=\"1000\" \/>\n\t<meta property=\"og:image:height\" content=\"553\" \/>\n\t<meta property=\"og:image:type\" content=\"image\/webp\" \/>\n<meta name=\"twitter:card\" content=\"summary_large_image\" \/>\n<meta name=\"twitter:label1\" content=\"Est. reading time\" \/>\n\t<meta name=\"twitter:data1\" content=\"4 minutes\" \/>\n<script type=\"application\/ld+json\" class=\"yoast-schema-graph\">{\"@context\":\"https:\/\/schema.org\",\"@graph\":[{\"@type\":\"WebPage\",\"@id\":\"https:\/\/smarteventbudapest.com\/en\/events\/\",\"url\":\"https:\/\/smarteventbudapest.com\/en\/events\/\",\"name\":\"Smart Event Budapest |Tailored Event Solutions for Every Occasion\",\"isPartOf\":{\"@id\":\"https:\/\/smarteventbudapest.com\/en\/#website\"},\"primaryImageOfPage\":{\"@id\":\"https:\/\/smarteventbudapest.com\/en\/events\/#primaryimage\"},\"image\":{\"@id\":\"https:\/\/smarteventbudapest.com\/en\/events\/#primaryimage\"},\"thumbnailUrl\":\"https:\/\/smarteventbudapest.com\/wp-content\/uploads\/2024\/12\/konferenciak.webp\",\"datePublished\":\"2024-08-28T08:21:17+00:00\",\"dateModified\":\"2024-12-18T10:21:26+00:00\",\"description\":\"Conferences, gala dinners, product launches, and unique events \u2014 expertly tailored to your needs.\",\"breadcrumb\":{\"@id\":\"https:\/\/smarteventbudapest.com\/en\/events\/#breadcrumb\"},\"inLanguage\":\"en-US\",\"potentialAction\":[{\"@type\":\"ReadAction\",\"target\":[\"https:\/\/smarteventbudapest.com\/en\/events\/\"]}]},{\"@type\":\"ImageObject\",\"inLanguage\":\"en-US\",\"@id\":\"https:\/\/smarteventbudapest.com\/en\/events\/#primaryimage\",\"url\":\"https:\/\/smarteventbudapest.com\/wp-content\/uploads\/2024\/12\/konferenciak.webp\",\"contentUrl\":\"https:\/\/smarteventbudapest.com\/wp-content\/uploads\/2024\/12\/konferenciak.webp\"},{\"@type\":\"BreadcrumbList\",\"@id\":\"https:\/\/smarteventbudapest.com\/en\/events\/#breadcrumb\",\"itemListElement\":[{\"@type\":\"ListItem\",\"position\":1,\"name\":\"Kezd\u0151lap\",\"item\":\"https:\/\/smarteventbudapest.com\/en\/\"},{\"@type\":\"ListItem\",\"position\":2,\"name\":\"Events\"}]},{\"@type\":\"WebSite\",\"@id\":\"https:\/\/smarteventbudapest.com\/en\/#website\",\"url\":\"https:\/\/smarteventbudapest.com\/en\/\",\"name\":\"SmartEvent Budapest\",\"description\":\"Teljesk\u00f6r\u0171 rendezv\u00e9nyszervez\u00e9s c\u00e9gek \u00e9s mag\u00e1nszem\u00e9lyek r\u00e9sz\u00e9re\",\"publisher\":{\"@id\":\"https:\/\/smarteventbudapest.com\/en\/#organization\"},\"alternateName\":\"SmartEvent\",\"potentialAction\":[{\"@type\":\"SearchAction\",\"target\":{\"@type\":\"EntryPoint\",\"urlTemplate\":\"https:\/\/smarteventbudapest.com\/en\/?s={search_term_string}\"},\"query-input\":{\"@type\":\"PropertyValueSpecification\",\"valueRequired\":true,\"valueName\":\"search_term_string\"}}],\"inLanguage\":\"en-US\"},{\"@type\":\"Organization\",\"@id\":\"https:\/\/smarteventbudapest.com\/en\/#organization\",\"name\":\"SmartEvent Budapest\",\"url\":\"https:\/\/smarteventbudapest.com\/en\/\",\"logo\":{\"@type\":\"ImageObject\",\"inLanguage\":\"en-US\",\"@id\":\"https:\/\/smarteventbudapest.com\/en\/#\/schema\/logo\/image\/\",\"url\":\"https:\/\/smarteventbudapest.com\/wp-content\/uploads\/2024\/10\/cropped-favicon.png\",\"contentUrl\":\"https:\/\/smarteventbudapest.com\/wp-content\/uploads\/2024\/10\/cropped-favicon.png\",\"width\":512,\"height\":512,\"caption\":\"SmartEvent Budapest\"},\"image\":{\"@id\":\"https:\/\/smarteventbudapest.com\/en\/#\/schema\/logo\/image\/\"},\"sameAs\":[\"https:\/\/www.facebook.com\/profile.php?id=61563792431320\",\"https:\/\/www.instagram.com\/smartevent.budapest\",\"https:\/\/www.linkedin.com\/in\/andrea-rcz-4a3b39162\/\"]}]}<\/script>\n<!-- \/ Yoast SEO plugin. -->","yoast_head_json":{"title":"Smart Event Budapest |Tailored Event Solutions for Every Occasion","description":"Conferences, gala dinners, product launches, and unique events \u2014 expertly tailored to your needs.","robots":{"index":"index","follow":"follow","max-snippet":"max-snippet:-1","max-image-preview":"max-image-preview:large","max-video-preview":"max-video-preview:-1"},"canonical":"https:\/\/smarteventbudapest.com\/en\/events\/","og_locale":"en_US","og_type":"article","og_title":"Smart Event Budapest |Tailored Event Solutions for Every Occasion","og_description":"Conferences, gala dinners, product launches, and unique events \u2014 expertly tailored to your needs.","og_url":"https:\/\/smarteventbudapest.com\/en\/events\/","og_site_name":"SmartEvent Budapest","article_publisher":"https:\/\/www.facebook.com\/profile.php?id=61563792431320","article_modified_time":"2024-12-18T10:21:26+00:00","og_image":[{"width":1000,"height":553,"url":"https:\/\/smarteventbudapest.com\/wp-content\/uploads\/2024\/12\/konferenciak.webp","type":"image\/webp"}],"twitter_card":"summary_large_image","twitter_misc":{"Est. reading time":"4 minutes"},"schema":{"@context":"https:\/\/schema.org","@graph":[{"@type":"WebPage","@id":"https:\/\/smarteventbudapest.com\/en\/events\/","url":"https:\/\/smarteventbudapest.com\/en\/events\/","name":"Smart Event Budapest |Tailored Event Solutions for Every Occasion","isPartOf":{"@id":"https:\/\/smarteventbudapest.com\/en\/#website"},"primaryImageOfPage":{"@id":"https:\/\/smarteventbudapest.com\/en\/events\/#primaryimage"},"image":{"@id":"https:\/\/smarteventbudapest.com\/en\/events\/#primaryimage"},"thumbnailUrl":"https:\/\/smarteventbudapest.com\/wp-content\/uploads\/2024\/12\/konferenciak.webp","datePublished":"2024-08-28T08:21:17+00:00","dateModified":"2024-12-18T10:21:26+00:00","description":"Conferences, gala dinners, product launches, and unique events \u2014 expertly tailored to your needs.","breadcrumb":{"@id":"https:\/\/smarteventbudapest.com\/en\/events\/#breadcrumb"},"inLanguage":"en-US","potentialAction":[{"@type":"ReadAction","target":["https:\/\/smarteventbudapest.com\/en\/events\/"]}]},{"@type":"ImageObject","inLanguage":"en-US","@id":"https:\/\/smarteventbudapest.com\/en\/events\/#primaryimage","url":"https:\/\/smarteventbudapest.com\/wp-content\/uploads\/2024\/12\/konferenciak.webp","contentUrl":"https:\/\/smarteventbudapest.com\/wp-content\/uploads\/2024\/12\/konferenciak.webp"},{"@type":"BreadcrumbList","@id":"https:\/\/smarteventbudapest.com\/en\/events\/#breadcrumb","itemListElement":[{"@type":"ListItem","position":1,"name":"Kezd\u0151lap","item":"https:\/\/smarteventbudapest.com\/en\/"},{"@type":"ListItem","position":2,"name":"Events"}]},{"@type":"WebSite","@id":"https:\/\/smarteventbudapest.com\/en\/#website","url":"https:\/\/smarteventbudapest.com\/en\/","name":"SmartEvent Budapest","description":"Teljesk\u00f6r\u0171 rendezv\u00e9nyszervez\u00e9s c\u00e9gek \u00e9s mag\u00e1nszem\u00e9lyek r\u00e9sz\u00e9re","publisher":{"@id":"https:\/\/smarteventbudapest.com\/en\/#organization"},"alternateName":"SmartEvent","potentialAction":[{"@type":"SearchAction","target":{"@type":"EntryPoint","urlTemplate":"https:\/\/smarteventbudapest.com\/en\/?s={search_term_string}"},"query-input":{"@type":"PropertyValueSpecification","valueRequired":true,"valueName":"search_term_string"}}],"inLanguage":"en-US"},{"@type":"Organization","@id":"https:\/\/smarteventbudapest.com\/en\/#organization","name":"SmartEvent Budapest","url":"https:\/\/smarteventbudapest.com\/en\/","logo":{"@type":"ImageObject","inLanguage":"en-US","@id":"https:\/\/smarteventbudapest.com\/en\/#\/schema\/logo\/image\/","url":"https:\/\/smarteventbudapest.com\/wp-content\/uploads\/2024\/10\/cropped-favicon.png","contentUrl":"https:\/\/smarteventbudapest.com\/wp-content\/uploads\/2024\/10\/cropped-favicon.png","width":512,"height":512,"caption":"SmartEvent Budapest"},"image":{"@id":"https:\/\/smarteventbudapest.com\/en\/#\/schema\/logo\/image\/"},"sameAs":["https:\/\/www.facebook.com\/profile.php?id=61563792431320","https:\/\/www.instagram.com\/smartevent.budapest","https:\/\/www.linkedin.com\/in\/andrea-rcz-4a3b39162\/"]}]}},"_links":{"self":[{"href":"https:\/\/smarteventbudapest.com\/en\/wp-json\/wp\/v2\/pages\/483","targetHints":{"allow":["GET"]}}],"collection":[{"href":"https:\/\/smarteventbudapest.com\/en\/wp-json\/wp\/v2\/pages"}],"about":[{"href":"https:\/\/smarteventbudapest.com\/en\/wp-json\/wp\/v2\/types\/page"}],"author":[{"embeddable":true,"href":"https:\/\/smarteventbudapest.com\/en\/wp-json\/wp\/v2\/users\/1"}],"replies":[{"embeddable":true,"href":"https:\/\/smarteventbudapest.com\/en\/wp-json\/wp\/v2\/comments?post=483"}],"version-history":[{"count":4,"href":"https:\/\/smarteventbudapest.com\/en\/wp-json\/wp\/v2\/pages\/483\/revisions"}],"predecessor-version":[{"id":1002,"href":"https:\/\/smarteventbudapest.com\/en\/wp-json\/wp\/v2\/pages\/483\/revisions\/1002"}],"wp:attachment":[{"href":"https:\/\/smarteventbudapest.com\/en\/wp-json\/wp\/v2\/media?parent=483"}],"wp:term":[{"taxonomy":"category","embeddable":true,"href":"https:\/\/smarteventbudapest.com\/en\/wp-json\/wp\/v2\/categories?post=483"}],"curies":[{"name":"wp","href":"https:\/\/api.w.org\/{rel}","templated":true}]}}