{"id":482,"date":"2024-08-28T10:20:30","date_gmt":"2024-08-28T08:20:30","guid":{"rendered":"https:\/\/smarteventbudapest.com\/references\/"},"modified":"2024-12-18T11:13:08","modified_gmt":"2024-12-18T10:13:08","slug":"references","status":"publish","type":"page","link":"https:\/\/smarteventbudapest.com\/en\/references\/","title":{"rendered":"References"},"content":{"rendered":"","protected":false},"excerpt":{"rendered":"<p>Organizing a memorable event depends on countless little details \u2013 we\u2019re here to help turn your dream into reality. Leave the planning to us and enjoy the perfect moments without a worry! <\/p>\n","protected":false},"author":1,"featured_media":0,"parent":0,"menu_order":0,"comment_status":"closed","ping_status":"closed","template":"page-referencelister.php","meta":{"footnotes":""},"categories":[],"class_list":["post-482","page","type-page","status-publish","hentry"],"yoast_head":"<!-- This site is optimized with the Yoast SEO plugin v27.1.1 - https:\/\/yoast.com\/product\/yoast-seo-wordpress\/ -->\n<title>Smart Event Budapest - event organization references<\/title>\n<meta name=\"description\" content=\"Get to know the atmosphere of our events with the help of our references. Smart Event Budapest - references of memorable events!\" \/>\n<meta name=\"robots\" content=\"index, follow, max-snippet:-1, max-image-preview:large, max-video-preview:-1\" \/>\n<link rel=\"canonical\" href=\"https:\/\/smarteventbudapest.com\/en\/references\/\" \/>\n<meta property=\"og:locale\" content=\"en_US\" \/>\n<meta property=\"og:type\" content=\"article\" \/>\n<meta property=\"og:title\" content=\"Smart Event Budapest - event organization references\" \/>\n<meta property=\"og:description\" content=\"Get to know the atmosphere of our events with the help of our references. Smart Event Budapest - references of memorable events!\" \/>\n<meta property=\"og:url\" content=\"https:\/\/smarteventbudapest.com\/en\/references\/\" \/>\n<meta property=\"og:site_name\" content=\"SmartEvent Budapest\" \/>\n<meta property=\"article:publisher\" content=\"https:\/\/www.facebook.com\/profile.php?id=61563792431320\" \/>\n<meta property=\"article:modified_time\" content=\"2024-12-18T10:13:08+00:00\" \/>\n<meta property=\"og:image\" content=\"https:\/\/smarteventbudapest.com\/wp-content\/uploads\/2024\/11\/borito-galavacsorak-dijatadok-scaled.jpg\" \/>\n\t<meta property=\"og:image:width\" content=\"2560\" \/>\n\t<meta property=\"og:image:height\" content=\"1707\" \/>\n\t<meta property=\"og:image:type\" content=\"image\/jpeg\" \/>\n<meta name=\"twitter:card\" content=\"summary_large_image\" \/>\n<script type=\"application\/ld+json\" class=\"yoast-schema-graph\">{\"@context\":\"https:\/\/schema.org\",\"@graph\":[{\"@type\":\"WebPage\",\"@id\":\"https:\/\/smarteventbudapest.com\/en\/references\/\",\"url\":\"https:\/\/smarteventbudapest.com\/en\/references\/\",\"name\":\"Smart Event Budapest - event organization references\",\"isPartOf\":{\"@id\":\"https:\/\/smarteventbudapest.com\/en\/#website\"},\"datePublished\":\"2024-08-28T08:20:30+00:00\",\"dateModified\":\"2024-12-18T10:13:08+00:00\",\"description\":\"Get to know the atmosphere of our events with the help of our references. Smart Event Budapest - references of memorable events!\",\"breadcrumb\":{\"@id\":\"https:\/\/smarteventbudapest.com\/en\/references\/#breadcrumb\"},\"inLanguage\":\"en-US\",\"potentialAction\":[{\"@type\":\"ReadAction\",\"target\":[\"https:\/\/smarteventbudapest.com\/en\/references\/\"]}]},{\"@type\":\"BreadcrumbList\",\"@id\":\"https:\/\/smarteventbudapest.com\/en\/references\/#breadcrumb\",\"itemListElement\":[{\"@type\":\"ListItem\",\"position\":1,\"name\":\"Kezd\u0151lap\",\"item\":\"https:\/\/smarteventbudapest.com\/en\/\"},{\"@type\":\"ListItem\",\"position\":2,\"name\":\"References\"}]},{\"@type\":\"WebSite\",\"@id\":\"https:\/\/smarteventbudapest.com\/en\/#website\",\"url\":\"https:\/\/smarteventbudapest.com\/en\/\",\"name\":\"SmartEvent Budapest\",\"description\":\"Teljesk\u00f6r\u0171 rendezv\u00e9nyszervez\u00e9s c\u00e9gek \u00e9s mag\u00e1nszem\u00e9lyek r\u00e9sz\u00e9re\",\"publisher\":{\"@id\":\"https:\/\/smarteventbudapest.com\/en\/#organization\"},\"alternateName\":\"SmartEvent\",\"potentialAction\":[{\"@type\":\"SearchAction\",\"target\":{\"@type\":\"EntryPoint\",\"urlTemplate\":\"https:\/\/smarteventbudapest.com\/en\/?s={search_term_string}\"},\"query-input\":{\"@type\":\"PropertyValueSpecification\",\"valueRequired\":true,\"valueName\":\"search_term_string\"}}],\"inLanguage\":\"en-US\"},{\"@type\":\"Organization\",\"@id\":\"https:\/\/smarteventbudapest.com\/en\/#organization\",\"name\":\"SmartEvent Budapest\",\"url\":\"https:\/\/smarteventbudapest.com\/en\/\",\"logo\":{\"@type\":\"ImageObject\",\"inLanguage\":\"en-US\",\"@id\":\"https:\/\/smarteventbudapest.com\/en\/#\/schema\/logo\/image\/\",\"url\":\"https:\/\/smarteventbudapest.com\/wp-content\/uploads\/2024\/10\/cropped-favicon.png\",\"contentUrl\":\"https:\/\/smarteventbudapest.com\/wp-content\/uploads\/2024\/10\/cropped-favicon.png\",\"width\":512,\"height\":512,\"caption\":\"SmartEvent Budapest\"},\"image\":{\"@id\":\"https:\/\/smarteventbudapest.com\/en\/#\/schema\/logo\/image\/\"},\"sameAs\":[\"https:\/\/www.facebook.com\/profile.php?id=61563792431320\",\"https:\/\/www.instagram.com\/smartevent.budapest\",\"https:\/\/www.linkedin.com\/in\/andrea-rcz-4a3b39162\/\"]}]}<\/script>\n<!-- \/ Yoast SEO plugin. -->","yoast_head_json":{"title":"Smart Event Budapest - event organization references","description":"Get to know the atmosphere of our events with the help of our references. Smart Event Budapest - references of memorable events!","robots":{"index":"index","follow":"follow","max-snippet":"max-snippet:-1","max-image-preview":"max-image-preview:large","max-video-preview":"max-video-preview:-1"},"canonical":"https:\/\/smarteventbudapest.com\/en\/references\/","og_locale":"en_US","og_type":"article","og_title":"Smart Event Budapest - event organization references","og_description":"Get to know the atmosphere of our events with the help of our references. Smart Event Budapest - references of memorable events!","og_url":"https:\/\/smarteventbudapest.com\/en\/references\/","og_site_name":"SmartEvent Budapest","article_publisher":"https:\/\/www.facebook.com\/profile.php?id=61563792431320","article_modified_time":"2024-12-18T10:13:08+00:00","og_image":[{"width":2560,"height":1707,"url":"https:\/\/smarteventbudapest.com\/wp-content\/uploads\/2024\/11\/borito-galavacsorak-dijatadok-scaled.jpg","type":"image\/jpeg"}],"twitter_card":"summary_large_image","schema":{"@context":"https:\/\/schema.org","@graph":[{"@type":"WebPage","@id":"https:\/\/smarteventbudapest.com\/en\/references\/","url":"https:\/\/smarteventbudapest.com\/en\/references\/","name":"Smart Event Budapest - event organization references","isPartOf":{"@id":"https:\/\/smarteventbudapest.com\/en\/#website"},"datePublished":"2024-08-28T08:20:30+00:00","dateModified":"2024-12-18T10:13:08+00:00","description":"Get to know the atmosphere of our events with the help of our references. Smart Event Budapest - references of memorable events!","breadcrumb":{"@id":"https:\/\/smarteventbudapest.com\/en\/references\/#breadcrumb"},"inLanguage":"en-US","potentialAction":[{"@type":"ReadAction","target":["https:\/\/smarteventbudapest.com\/en\/references\/"]}]},{"@type":"BreadcrumbList","@id":"https:\/\/smarteventbudapest.com\/en\/references\/#breadcrumb","itemListElement":[{"@type":"ListItem","position":1,"name":"Kezd\u0151lap","item":"https:\/\/smarteventbudapest.com\/en\/"},{"@type":"ListItem","position":2,"name":"References"}]},{"@type":"WebSite","@id":"https:\/\/smarteventbudapest.com\/en\/#website","url":"https:\/\/smarteventbudapest.com\/en\/","name":"SmartEvent Budapest","description":"Teljesk\u00f6r\u0171 rendezv\u00e9nyszervez\u00e9s c\u00e9gek \u00e9s mag\u00e1nszem\u00e9lyek r\u00e9sz\u00e9re","publisher":{"@id":"https:\/\/smarteventbudapest.com\/en\/#organization"},"alternateName":"SmartEvent","potentialAction":[{"@type":"SearchAction","target":{"@type":"EntryPoint","urlTemplate":"https:\/\/smarteventbudapest.com\/en\/?s={search_term_string}"},"query-input":{"@type":"PropertyValueSpecification","valueRequired":true,"valueName":"search_term_string"}}],"inLanguage":"en-US"},{"@type":"Organization","@id":"https:\/\/smarteventbudapest.com\/en\/#organization","name":"SmartEvent Budapest","url":"https:\/\/smarteventbudapest.com\/en\/","logo":{"@type":"ImageObject","inLanguage":"en-US","@id":"https:\/\/smarteventbudapest.com\/en\/#\/schema\/logo\/image\/","url":"https:\/\/smarteventbudapest.com\/wp-content\/uploads\/2024\/10\/cropped-favicon.png","contentUrl":"https:\/\/smarteventbudapest.com\/wp-content\/uploads\/2024\/10\/cropped-favicon.png","width":512,"height":512,"caption":"SmartEvent Budapest"},"image":{"@id":"https:\/\/smarteventbudapest.com\/en\/#\/schema\/logo\/image\/"},"sameAs":["https:\/\/www.facebook.com\/profile.php?id=61563792431320","https:\/\/www.instagram.com\/smartevent.budapest","https:\/\/www.linkedin.com\/in\/andrea-rcz-4a3b39162\/"]}]}},"_links":{"self":[{"href":"https:\/\/smarteventbudapest.com\/en\/wp-json\/wp\/v2\/pages\/482","targetHints":{"allow":["GET"]}}],"collection":[{"href":"https:\/\/smarteventbudapest.com\/en\/wp-json\/wp\/v2\/pages"}],"about":[{"href":"https:\/\/smarteventbudapest.com\/en\/wp-json\/wp\/v2\/types\/page"}],"author":[{"embeddable":true,"href":"https:\/\/smarteventbudapest.com\/en\/wp-json\/wp\/v2\/users\/1"}],"replies":[{"embeddable":true,"href":"https:\/\/smarteventbudapest.com\/en\/wp-json\/wp\/v2\/comments?post=482"}],"version-history":[{"count":1,"href":"https:\/\/smarteventbudapest.com\/en\/wp-json\/wp\/v2\/pages\/482\/revisions"}],"predecessor-version":[{"id":1078,"href":"https:\/\/smarteventbudapest.com\/en\/wp-json\/wp\/v2\/pages\/482\/revisions\/1078"}],"wp:attachment":[{"href":"https:\/\/smarteventbudapest.com\/en\/wp-json\/wp\/v2\/media?parent=482"}],"wp:term":[{"taxonomy":"category","embeddable":true,"href":"https:\/\/smarteventbudapest.com\/en\/wp-json\/wp\/v2\/categories?post=482"}],"curies":[{"name":"wp","href":"https:\/\/api.w.org\/{rel}","templated":true}]}}